{"id":3,"date":"2023-01-25T12:32:10","date_gmt":"2023-01-25T12:32:10","guid":{"rendered":"https:\/\/hijodelaquimera.com\/blog\/?page_id=3"},"modified":"2024-10-16T08:16:55","modified_gmt":"2024-10-16T08:16:55","slug":"privacy-policy","status":"publish","type":"page","link":"https:\/\/hijodelaquimera.com\/blog\/index.php\/privacy-policy\/","title":{"rendered":"Derechos de Autor"},"content":{"rendered":"\n<h1 class=\"wp-block-heading\"><\/h1>\n\n\n\n<p>\u00a9 2024 hijodelaquimera.com &#8211; Todos los derechos reservados.<\/p>\n\n\n\n<p>Todo el contenido publicado en este blog, incluyendo la novela y cualquier otro material asociado, es propiedad exclusiva del autor y est\u00e1 protegido por las leyes internacionales de derechos de autor. Queda estrictamente prohibida la reproducci\u00f3n, distribuci\u00f3n, exhibici\u00f3n o ejecuci\u00f3n p\u00fablica, total o parcial, de esta obra sin el consentimiento expreso y por escrito del autor.<\/p>\n\n\n\n<h3 class=\"wp-block-heading\">Condiciones de Uso:<\/h3>\n\n\n\n<ul class=\"wp-block-list\">\n<li><strong>Uso sin \u00e1nimo de lucro<\/strong>: El uso de fragmentos de esta novela para fines personales o educativos est\u00e1 permitido, siempre que se d\u00e9 el debido cr\u00e9dito al autor y se incluya un enlace a este blog (<a href=\"https:\/\/www.hijodelaquimera.com\">hijodelaquimera.com<\/a>).<\/li>\n\n\n\n<li><strong>Uso con fines comerciales<\/strong>: Est\u00e1 prohibido el uso comercial de cualquier parte de esta obra sin el consentimiento expreso del autor. Para obtener autorizaci\u00f3n de uso comercial, puedes ponerte en contacto con nosotros a trav\u00e9s del formulario de contacto disponible en el blog.<\/li>\n<\/ul>\n\n\n\n<h3 class=\"wp-block-heading\">Citaci\u00f3n y Referencia:<\/h3>\n\n\n\n<p>Si se utiliza cualquier contenido de este blog sin fines comerciales, es obligatorio citar al autor y hacer referencia a este sitio web, incluyendo un enlace directo a la p\u00e1gina correspondiente en <a href=\"https:\/\/www.hijodelaquimera.com\">hijodelaquimera.com<\/a>.<\/p>\n\n\n\n<h3 class=\"wp-block-heading\">Cesi\u00f3n de Derechos:<\/h3>\n\n\n\n<p>Para obtener autorizaci\u00f3n para el uso comercial de cualquier contenido de esta obra, ponte en contacto con el autor a trav\u00e9s del <a>formulario de contacto<\/a>. Ninguna cesi\u00f3n de derechos ser\u00e1 v\u00e1lida sin un acuerdo por escrito del autor.<\/p>\n\n\n\n<h3 class=\"wp-block-heading\">Advertencia Legal:<\/h3>\n\n\n\n<p>El incumplimiento de estas condiciones podr\u00eda constituir una infracci\u00f3n de los derechos de propiedad intelectual, sancionable bajo la legislaci\u00f3n vigente en materia de derechos de autor. El autor se reserva el derecho de emprender las acciones legales necesarias para proteger su obra.<\/p>\n\n\n\n<hr class=\"wp-block-separator has-alpha-channel-opacity\"\/>\n\n\n\n<p><\/p>\n","protected":false},"excerpt":{"rendered":"<p>\u00a9 2024 hijodelaquimera.com &#8211; Todos los derechos reservados. Todo el contenido publicado en este blog, incluyendo la novela y cualquier otro material asociado, es propiedad exclusiva del autor y est\u00e1 protegido por las leyes internacionales de derechos de autor. Queda estrictamente prohibida la reproducci\u00f3n, distribuci\u00f3n, exhibici\u00f3n o ejecuci\u00f3n p\u00fablica, total o parcial, de esta obra&#8230; <a class=\"more-link\" href=\"https:\/\/hijodelaquimera.com\/blog\/index.php\/privacy-policy\/\">Continue reading <span class=\"meta-nav\">&#8594;<\/span><\/a><\/p>\n","protected":false},"author":1,"featured_media":0,"parent":0,"menu_order":0,"comment_status":"closed","ping_status":"open","template":"","meta":{"footnotes":""},"class_list":["post-3","page","type-page","status-publish","hentry"],"jetpack_sharing_enabled":true,"_links":{"self":[{"href":"https:\/\/hijodelaquimera.com\/blog\/index.php\/wp-json\/wp\/v2\/pages\/3","targetHints":{"allow":["GET"]}}],"collection":[{"href":"https:\/\/hijodelaquimera.com\/blog\/index.php\/wp-json\/wp\/v2\/pages"}],"about":[{"href":"https:\/\/hijodelaquimera.com\/blog\/index.php\/wp-json\/wp\/v2\/types\/page"}],"author":[{"embeddable":true,"href":"https:\/\/hijodelaquimera.com\/blog\/index.php\/wp-json\/wp\/v2\/users\/1"}],"replies":[{"embeddable":true,"href":"https:\/\/hijodelaquimera.com\/blog\/index.php\/wp-json\/wp\/v2\/comments?post=3"}],"version-history":[{"count":4,"href":"https:\/\/hijodelaquimera.com\/blog\/index.php\/wp-json\/wp\/v2\/pages\/3\/revisions"}],"predecessor-version":[{"id":35,"href":"https:\/\/hijodelaquimera.com\/blog\/index.php\/wp-json\/wp\/v2\/pages\/3\/revisions\/35"}],"wp:attachment":[{"href":"https:\/\/hijodelaquimera.com\/blog\/index.php\/wp-json\/wp\/v2\/media?parent=3"}],"curies":[{"name":"wp","href":"https:\/\/api.w.org\/{rel}","templated":true}]}}