{"id":2,"date":"2023-01-25T12:32:10","date_gmt":"2023-01-25T12:32:10","guid":{"rendered":"https:\/\/hijodelaquimera.com\/blog\/?page_id=2"},"modified":"2024-10-17T07:33:23","modified_gmt":"2024-10-17T07:33:23","slug":"sample-page","status":"publish","type":"page","link":"https:\/\/hijodelaquimera.com\/blog\/index.php\/sample-page\/","title":{"rendered":"\u00bfQu\u00e9 es Se est\u00e1 muy solo en el Barco de Teseo?"},"content":{"rendered":"\n<p><strong>Se est\u00e1 muy solo en el Barco de Teseo<\/strong> es un proyecto que explora la identidad y el cambio, reflejando ese sentimiento de soledad mientras uno se reconstruye pieza a pieza, ya sea por fuerzas externas o internas. Inspirado en la paradoja del Barco de Teseo, que plantea si un barco sigue siendo el mismo tras reemplazar todas sus partes, la obra pregunta: \u00bfsomos los mismos tras cambiar tanto?<\/p>\n\n\n\n<p>El proceso de escribir estos textos es para m\u00ed como navegar en ese barco; estoy cambiando a medida que avanzo en la escritura.<\/p>\n\n\n\n<h2 class=\"wp-block-heading\"><strong>El Viaje del Protagonista<\/strong><\/h2>\n\n\n\n<p>El protagonista, como yo, est\u00e1 atrapado en esta paradoja. Vive cuestionando su identidad mientras enfrenta cambios inevitables: relaciones que terminan, decisiones que lo marcan, y momentos de autodescubrimiento.<\/p>\n\n\n\n<h2 class=\"wp-block-heading\"><strong>El Concepto de Teseo<\/strong><\/h2>\n\n\n\n<p>La met\u00e1fora del Barco de Teseo refleja c\u00f3mo nuestras experiencias nos transforman profundamente, a veces hasta el punto de no reconocer qui\u00e9nes \u00e9ramos. Este proceso de cambio es el que intento capturar en el protagonista. \u00bfCu\u00e1ntas veces puede una persona cambiar antes de dejar de ser la misma?<\/p>\n\n\n\n<h2 class=\"wp-block-heading\"><strong>La Soledad del Protagonista<\/strong><\/h2>\n\n\n\n<p>La soledad que menciono no es solo f\u00edsica, sino existencial. En este viaje interno de cambio, uno puede sentirse solo incluso rodeado de gente. Sin embargo, esa soledad puede llevarnos a encontrar respuestas dentro de nosotros mismos.<\/p>\n\n\n\n<h2 class=\"wp-block-heading\"><strong>El Objetivo de la Obra<\/strong><\/h2>\n\n\n\n<p>Con esta obra, no busco dar respuestas, sino iniciar una conversaci\u00f3n sobre lo que significa cambiar, crecer y ser humano. Tanto el protagonista como la obra est\u00e1n en evoluci\u00f3n, planteando la pregunta esencial: \u00bfCu\u00e1ntas veces podemos cambiarnos antes de ser alguien completamente diferente?<\/p>\n\n\n\n<h2 class=\"wp-block-heading\">\u00bfAutobiograf\u00eda o Ficci\u00f3n?<\/h2>\n\n\n\n<p>Es curioso c\u00f3mo, mientras m\u00e1s avanzo en esta obra, m\u00e1s dif\u00edcil se vuelve responder a la pregunta que algunos lectores (o tal vez yo mismo) pueden hacerse: \u00bfhasta qu\u00e9 punto <em>Se est\u00e1 muy solo en el Barco de Teseo<\/em> es autobiograf\u00eda o ficci\u00f3n?<\/p>\n\n\n\n<p>Francamente, es una frontera borrosa donde lo personal se funde con la ficci\u00f3n. Quiz\u00e1, al final, la pregunta no sea si es autobiograf\u00eda o ficci\u00f3n, sino si realmente importa. Lo que queda en el papel es lo que cuenta: una mezcla de realidad y fantas\u00eda, de verdades a medias y mentiras sinceras.<\/p>\n\n\n\n<p>Y a veces, lo que empieza como una invenci\u00f3n, termina revelando m\u00e1s verdades de las que uno estaba dispuesto a admitir.<\/p>\n\n\n\n<blockquote class=\"wp-block-quote is-layout-flow wp-block-quote-is-layout-flow\">\n<p>Todo en esta historia es casi completamente cierto, salvo por esos detalles que se han permitido el lujo de transformarse, como el propio barco de Teseo.<\/p>\n<\/blockquote>\n","protected":false},"excerpt":{"rendered":"<p>Se est\u00e1 muy solo en el Barco de Teseo es un proyecto que explora la identidad y el cambio, reflejando ese sentimiento de soledad mientras uno se reconstruye pieza a pieza, ya sea por fuerzas externas o internas. Inspirado en la paradoja del Barco de Teseo, que plantea si un barco sigue siendo el mismo&#8230; <a class=\"more-link\" href=\"https:\/\/hijodelaquimera.com\/blog\/index.php\/sample-page\/\">Continue reading <span class=\"meta-nav\">&#8594;<\/span><\/a><\/p>\n","protected":false},"author":1,"featured_media":0,"parent":0,"menu_order":0,"comment_status":"closed","ping_status":"open","template":"","meta":{"footnotes":""},"class_list":["post-2","page","type-page","status-publish","hentry"],"jetpack_sharing_enabled":true,"_links":{"self":[{"href":"https:\/\/hijodelaquimera.com\/blog\/index.php\/wp-json\/wp\/v2\/pages\/2","targetHints":{"allow":["GET"]}}],"collection":[{"href":"https:\/\/hijodelaquimera.com\/blog\/index.php\/wp-json\/wp\/v2\/pages"}],"about":[{"href":"https:\/\/hijodelaquimera.com\/blog\/index.php\/wp-json\/wp\/v2\/types\/page"}],"author":[{"embeddable":true,"href":"https:\/\/hijodelaquimera.com\/blog\/index.php\/wp-json\/wp\/v2\/users\/1"}],"replies":[{"embeddable":true,"href":"https:\/\/hijodelaquimera.com\/blog\/index.php\/wp-json\/wp\/v2\/comments?post=2"}],"version-history":[{"count":12,"href":"https:\/\/hijodelaquimera.com\/blog\/index.php\/wp-json\/wp\/v2\/pages\/2\/revisions"}],"predecessor-version":[{"id":75,"href":"https:\/\/hijodelaquimera.com\/blog\/index.php\/wp-json\/wp\/v2\/pages\/2\/revisions\/75"}],"wp:attachment":[{"href":"https:\/\/hijodelaquimera.com\/blog\/index.php\/wp-json\/wp\/v2\/media?parent=2"}],"curies":[{"name":"wp","href":"https:\/\/api.w.org\/{rel}","templated":true}]}}